{"id":3222,"date":"2024-10-22T14:04:52","date_gmt":"2024-10-22T12:04:52","guid":{"rendered":"https:\/\/www.plouvier.be\/?page_id=3222"},"modified":"2025-04-11T15:54:31","modified_gmt":"2025-04-11T13:54:31","slug":"rechtliche-hinweise","status":"publish","type":"page","link":"https:\/\/www.plouvier.be\/de\/rechtliche-hinweise\/","title":{"rendered":"Rechtliche Hinweise"},"content":{"rendered":"\t\t<div data-elementor-type=\"wp-page\" data-elementor-id=\"3222\" class=\"elementor elementor-3222 elementor-1240\" data-elementor-post-type=\"page\">\n\t\t\t\t<div class=\"elementor-element elementor-element-89702a2 e-flex e-con-boxed e-con e-parent\" data-id=\"89702a2\" data-element_type=\"container\">\n\t\t\t\t\t<div class=\"e-con-inner\">\n\t\t\t\t<div class=\"elementor-element elementor-element-2c8a8e5 elementor-widget elementor-widget-text-editor\" data-id=\"2c8a8e5\" data-element_type=\"widget\" data-widget_type=\"text-editor.default\">\n\t\t\t\t<div class=\"elementor-widget-container\">\n\t\t\t\t\t\t\t\t\t<p>Die Website www.plouvier.be (nachfolgend \u201edie Website\u201c) wird herausgegeben von Plouvier Chartering NV.<\/p><p>Plouvier Chartering NV, eine Aktiengesellschaft mit einem Gesellschaftskapital von 1.239.467,62 \u20ac, mit Sitz in:<\/p><p>Plouvier Chartering NV<br \/>Noorderlaan 79, Bus 1<br \/>2030 Antwerpen<\/p><p>Eingetragen im Unternehmensregister RPR Antwerpen, Abteilung Antwerpen, unter der Nummer 0404.542.062.<\/p><p>Umsatzsteuer-Identifikationsnummer (MwSt-Nr.): BE0404.542.062<br \/>E-Mail: &#x69;&#x6e;&#x66;&#111;&#64;&#112;lo&#x75;&#x76;&#x69;&#x65;&#114;&#46;be<\/p><p>Verantwortlicher f\u00fcr die Ver\u00f6ffentlichung: Office Manager<br \/>Die Inhalte werden von Plouvier Chartering NV verfasst und verwaltet.<br \/>Bei Fragen zur Funktionsweise oder Nutzung der Website kontaktieren Sie uns bitte per E-Mail.<\/p><h3>Erstellung und Hosting<\/h3><p>Die Website wurde erstellt und wird gehostet von:<\/p><p><a title=\"Agence web Bretagne\" href=\"https:\/\/www.e-declic.com\/\" target=\"_blank\" rel=\"noopener\">e-declic<\/a><br \/>32 rue du Danemark \u2013 Porte Oc\u00e9ane 2<br \/>56400 Auray<br \/>Tel: 02 97 29 00 60<\/p><p><strong>Effets Mer<\/strong><br \/>12 rue Jobb\u00e9 Duval<br \/>75015 Paris<\/p><h3>\u00a0<\/h3><h3>Fotos<\/h3><p>\u00a9 Jean-Marie Liot \/ Plouvier Group<\/p><h3>\u00a0<\/h3><h3>Beschreibung der angebotenen Dienstleistungen<\/h3><p>Die Website dient der Bereitstellung von Informationen \u00fcber Plouvier Chartering NV.<br \/>Plouvier Chartering NV bem\u00fcht sich, die Informationen auf der Website so genau wie m\u00f6glich bereitzustellen.<br \/>Plouvier Chartering NV kann jedoch nicht f\u00fcr Auslassungen, Ungenauigkeiten oder fehlende Aktualisierungen haftbar gemacht werden, unabh\u00e4ngig davon, ob diese von Plouvier selbst oder von Drittpartnern stammen, die Informationen liefern.<br \/>Alle auf der Website bereitgestellten Informationen dienen ausschlie\u00dflich Informationszwecken und k\u00f6nnen ohne Vorank\u00fcndigung ge\u00e4ndert werden.<\/p><h3>Urheberrecht und geistiges Eigentum<\/h3><p>Plouvier Chartering NV ist Inhaber der geistigen Eigentumsrechte oder verf\u00fcgt \u00fcber Nutzungsrechte an allen zug\u00e4nglichen Elementen der Website, insbesondere an Texten, Bildern, Grafiken, Logos, Symbolen, T\u00f6nen und Software.<br \/>Jegliche vollst\u00e4ndige oder teilweise Vervielf\u00e4ltigung, Darstellung, \u00c4nderung, Ver\u00f6ffentlichung oder Anpassung der Website-Inhalte \u2013 unabh\u00e4ngig vom verwendeten Mittel oder Verfahren \u2013 ist ohne vorherige Zustimmung des Verantwortlichen f\u00fcr die Ver\u00f6ffentlichung untersagt.<\/p><h3>\u00a0<\/h3><h3>Hypertext-Links<\/h3><p>Unsere Website enth\u00e4lt Hyperlinks zu anderen Websites. Diese Links dienen ausschlie\u00dflich Informationszwecken.<br \/>Der Verantwortliche f\u00fcr die Ver\u00f6ffentlichung \u00fcbernimmt keine Haftung f\u00fcr die Inhalte oder Zugriffsbedingungen dieser externen Websites.<\/p><h3>Cookies<\/h3><p>Beim Besuch unserer Website k\u00f6nnen \u2013 abh\u00e4ngig von Ihrer Wahl \u2013 automatisch Cookies auf Ihrem Endger\u00e4t (Computer, Tablet, Smartphone) installiert werden.<br \/>Weitere Informationen finden Sie in unserer Datenschutzrichtlinie.<\/p>\t\t\t\t\t\t\t\t<\/div>\n\t\t\t\t<\/div>\n\t\t\t\t\t<\/div>\n\t\t\t\t<\/div>\n\t\t\t\t<\/div>\n\t\t","protected":false},"excerpt":{"rendered":"<p>Die Website www.plouvier.be (nachfolgend \u201edie Website\u201c) wird herausgegeben von Plouvier Chartering NV. Plouvier Chartering NV, eine Aktiengesellschaft mit einem Gesellschaftskapital von 1.239.467,62 \u20ac, mit Sitz in: Plouvier Chartering NVNoorderlaan 79, Bus 12030 Antwerpen Eingetragen im Unternehmensregister RPR Antwerpen, Abteilung Antwerpen, unter der Nummer 0404.542.062. Umsatzsteuer-Identifikationsnummer (MwSt-Nr.): BE0404.542.062E-Mail: i&#110;&#x66;&#x6f;&#64;&#112;&#108;&#x6f;&#x75;v&#105;&#101;&#x72;&#x2e;b&#101; Verantwortlicher f\u00fcr die Ver\u00f6ffentlichung: Office ManagerDie Inhalte [&hellip;]<\/p>\n","protected":false},"author":6,"featured_media":0,"parent":0,"menu_order":7,"comment_status":"closed","ping_status":"closed","template":"","meta":{"_acf_changed":false,"footnotes":""},"class_list":["post-3222","page","type-page","status-publish","hentry"],"acf":[],"yoast_head":"<!-- This site is optimized with the Yoast SEO plugin v26.6 - https:\/\/yoast.com\/wordpress\/plugins\/seo\/ -->\n<title>Rechtliche Hinweise - Plouvier<\/title>\n<meta name=\"robots\" content=\"index, follow, max-snippet:-1, max-image-preview:large, max-video-preview:-1\" \/>\n<link rel=\"canonical\" href=\"https:\/\/www.plouvier.be\/de\/rechtliche-hinweise\/\" \/>\n<meta property=\"og:locale\" content=\"de_DE\" \/>\n<meta property=\"og:type\" content=\"article\" \/>\n<meta property=\"og:title\" content=\"Rechtliche Hinweise - Plouvier\" \/>\n<meta property=\"og:description\" content=\"Die Website www.plouvier.be (nachfolgend \u201edie Website\u201c) wird herausgegeben von Plouvier Chartering NV. Plouvier Chartering NV, eine Aktiengesellschaft mit einem Gesellschaftskapital von 1.239.467,62 \u20ac, mit Sitz in: Plouvier Chartering NVNoorderlaan 79, Bus 12030 Antwerpen Eingetragen im Unternehmensregister RPR Antwerpen, Abteilung Antwerpen, unter der Nummer 0404.542.062. Umsatzsteuer-Identifikationsnummer (MwSt-Nr.): BE0404.542.062E-Mail: &#105;&#110;&#x66;&#x6f;&#064;&#112;&#x6c;&#x6f;&#117;&#118;&#x69;&#x65;&#114;&#046;&#x62;&#x65; Verantwortlicher f\u00fcr die Ver\u00f6ffentlichung: Office ManagerDie Inhalte [&hellip;]\" \/>\n<meta property=\"og:url\" content=\"https:\/\/www.plouvier.be\/de\/rechtliche-hinweise\/\" \/>\n<meta property=\"og:site_name\" content=\"Plouvier\" \/>\n<meta property=\"article:modified_time\" content=\"2025-04-11T13:54:31+00:00\" \/>\n<meta name=\"twitter:card\" content=\"summary_large_image\" \/>\n<meta name=\"twitter:label1\" content=\"Gesch\u00e4tzte Lesezeit\" \/>\n\t<meta name=\"twitter:data1\" content=\"2\u00a0Minuten\" \/>\n<script type=\"application\/ld+json\" class=\"yoast-schema-graph\">{\"@context\":\"https:\/\/schema.org\",\"@graph\":[{\"@type\":\"WebPage\",\"@id\":\"https:\/\/www.plouvier.be\/de\/rechtliche-hinweise\/\",\"url\":\"https:\/\/www.plouvier.be\/de\/rechtliche-hinweise\/\",\"name\":\"Rechtliche Hinweise - Plouvier\",\"isPartOf\":{\"@id\":\"https:\/\/www.plouvier.be\/de\/#website\"},\"datePublished\":\"2024-10-22T12:04:52+00:00\",\"dateModified\":\"2025-04-11T13:54:31+00:00\",\"breadcrumb\":{\"@id\":\"https:\/\/www.plouvier.be\/de\/rechtliche-hinweise\/#breadcrumb\"},\"inLanguage\":\"de\",\"potentialAction\":[{\"@type\":\"ReadAction\",\"target\":[\"https:\/\/www.plouvier.be\/de\/rechtliche-hinweise\/\"]}]},{\"@type\":\"BreadcrumbList\",\"@id\":\"https:\/\/www.plouvier.be\/de\/rechtliche-hinweise\/#breadcrumb\",\"itemListElement\":[{\"@type\":\"ListItem\",\"position\":1,\"name\":\"Home\",\"item\":\"https:\/\/www.plouvier.be\/de\/\"},{\"@type\":\"ListItem\",\"position\":2,\"name\":\"Rechtliche Hinweise\"}]},{\"@type\":\"WebSite\",\"@id\":\"https:\/\/www.plouvier.be\/de\/#website\",\"url\":\"https:\/\/www.plouvier.be\/de\/\",\"name\":\"Plouvier\",\"description\":\"\",\"publisher\":{\"@id\":\"https:\/\/www.plouvier.be\/de\/#organization\"},\"potentialAction\":[{\"@type\":\"SearchAction\",\"target\":{\"@type\":\"EntryPoint\",\"urlTemplate\":\"https:\/\/www.plouvier.be\/de\/?s={search_term_string}\"},\"query-input\":{\"@type\":\"PropertyValueSpecification\",\"valueRequired\":true,\"valueName\":\"search_term_string\"}}],\"inLanguage\":\"de\"},{\"@type\":\"Organization\",\"@id\":\"https:\/\/www.plouvier.be\/de\/#organization\",\"name\":\"Plouvier\",\"url\":\"https:\/\/www.plouvier.be\/de\/\",\"logo\":{\"@type\":\"ImageObject\",\"inLanguage\":\"de\",\"@id\":\"https:\/\/www.plouvier.be\/de\/#\/schema\/logo\/image\/\",\"url\":\"https:\/\/www.plouvier.be\/wp-content\/uploads\/2024\/09\/image-4.png\",\"contentUrl\":\"https:\/\/www.plouvier.be\/wp-content\/uploads\/2024\/09\/image-4.png\",\"width\":142,\"height\":42,\"caption\":\"Plouvier\"},\"image\":{\"@id\":\"https:\/\/www.plouvier.be\/de\/#\/schema\/logo\/image\/\"}}]}<\/script>\n<!-- \/ Yoast SEO plugin. -->","yoast_head_json":{"title":"Rechtliche Hinweise - Plouvier","robots":{"index":"index","follow":"follow","max-snippet":"max-snippet:-1","max-image-preview":"max-image-preview:large","max-video-preview":"max-video-preview:-1"},"canonical":"https:\/\/www.plouvier.be\/de\/rechtliche-hinweise\/","og_locale":"de_DE","og_type":"article","og_title":"Rechtliche Hinweise - Plouvier","og_description":"Die Website www.plouvier.be (nachfolgend \u201edie Website\u201c) wird herausgegeben von Plouvier Chartering NV. Plouvier Chartering NV, eine Aktiengesellschaft mit einem Gesellschaftskapital von 1.239.467,62 \u20ac, mit Sitz in: Plouvier Chartering NVNoorderlaan 79, Bus 12030 Antwerpen Eingetragen im Unternehmensregister RPR Antwerpen, Abteilung Antwerpen, unter der Nummer 0404.542.062. Umsatzsteuer-Identifikationsnummer (MwSt-Nr.): BE0404.542.062E-Mail: &#x69;&#x6e;&#102;o&#64;&#x70;&#x6c;&#111;&#117;v&#x69;&#x65;&#114;&#46;b&#x65; Verantwortlicher f\u00fcr die Ver\u00f6ffentlichung: Office ManagerDie Inhalte [&hellip;]","og_url":"https:\/\/www.plouvier.be\/de\/rechtliche-hinweise\/","og_site_name":"Plouvier","article_modified_time":"2025-04-11T13:54:31+00:00","twitter_card":"summary_large_image","twitter_misc":{"Gesch\u00e4tzte Lesezeit":"2\u00a0Minuten"},"schema":{"@context":"https:\/\/schema.org","@graph":[{"@type":"WebPage","@id":"https:\/\/www.plouvier.be\/de\/rechtliche-hinweise\/","url":"https:\/\/www.plouvier.be\/de\/rechtliche-hinweise\/","name":"Rechtliche Hinweise - Plouvier","isPartOf":{"@id":"https:\/\/www.plouvier.be\/de\/#website"},"datePublished":"2024-10-22T12:04:52+00:00","dateModified":"2025-04-11T13:54:31+00:00","breadcrumb":{"@id":"https:\/\/www.plouvier.be\/de\/rechtliche-hinweise\/#breadcrumb"},"inLanguage":"de","potentialAction":[{"@type":"ReadAction","target":["https:\/\/www.plouvier.be\/de\/rechtliche-hinweise\/"]}]},{"@type":"BreadcrumbList","@id":"https:\/\/www.plouvier.be\/de\/rechtliche-hinweise\/#breadcrumb","itemListElement":[{"@type":"ListItem","position":1,"name":"Home","item":"https:\/\/www.plouvier.be\/de\/"},{"@type":"ListItem","position":2,"name":"Rechtliche Hinweise"}]},{"@type":"WebSite","@id":"https:\/\/www.plouvier.be\/de\/#website","url":"https:\/\/www.plouvier.be\/de\/","name":"Plouvier","description":"","publisher":{"@id":"https:\/\/www.plouvier.be\/de\/#organization"},"potentialAction":[{"@type":"SearchAction","target":{"@type":"EntryPoint","urlTemplate":"https:\/\/www.plouvier.be\/de\/?s={search_term_string}"},"query-input":{"@type":"PropertyValueSpecification","valueRequired":true,"valueName":"search_term_string"}}],"inLanguage":"de"},{"@type":"Organization","@id":"https:\/\/www.plouvier.be\/de\/#organization","name":"Plouvier","url":"https:\/\/www.plouvier.be\/de\/","logo":{"@type":"ImageObject","inLanguage":"de","@id":"https:\/\/www.plouvier.be\/de\/#\/schema\/logo\/image\/","url":"https:\/\/www.plouvier.be\/wp-content\/uploads\/2024\/09\/image-4.png","contentUrl":"https:\/\/www.plouvier.be\/wp-content\/uploads\/2024\/09\/image-4.png","width":142,"height":42,"caption":"Plouvier"},"image":{"@id":"https:\/\/www.plouvier.be\/de\/#\/schema\/logo\/image\/"}}]}},"_links":{"self":[{"href":"https:\/\/www.plouvier.be\/de\/wp-json\/wp\/v2\/pages\/3222","targetHints":{"allow":["GET"]}}],"collection":[{"href":"https:\/\/www.plouvier.be\/de\/wp-json\/wp\/v2\/pages"}],"about":[{"href":"https:\/\/www.plouvier.be\/de\/wp-json\/wp\/v2\/types\/page"}],"author":[{"embeddable":true,"href":"https:\/\/www.plouvier.be\/de\/wp-json\/wp\/v2\/users\/6"}],"replies":[{"embeddable":true,"href":"https:\/\/www.plouvier.be\/de\/wp-json\/wp\/v2\/comments?post=3222"}],"version-history":[{"count":7,"href":"https:\/\/www.plouvier.be\/de\/wp-json\/wp\/v2\/pages\/3222\/revisions"}],"predecessor-version":[{"id":3499,"href":"https:\/\/www.plouvier.be\/de\/wp-json\/wp\/v2\/pages\/3222\/revisions\/3499"}],"wp:attachment":[{"href":"https:\/\/www.plouvier.be\/de\/wp-json\/wp\/v2\/media?parent=3222"}],"curies":[{"name":"wp","href":"https:\/\/api.w.org\/{rel}","templated":true}]}}