{"id":3192,"date":"2024-10-22T14:04:52","date_gmt":"2024-10-22T12:04:52","guid":{"rendered":"https:\/\/www.plouvier.be\/?page_id=3192"},"modified":"2025-04-11T15:50:48","modified_gmt":"2025-04-11T13:50:48","slug":"mentions-legales","status":"publish","type":"page","link":"https:\/\/www.plouvier.be\/fr\/mentions-legales\/","title":{"rendered":"Mentions L\u00e9gales"},"content":{"rendered":"\t\t<div data-elementor-type=\"wp-page\" data-elementor-id=\"3192\" class=\"elementor elementor-3192 elementor-1240\" data-elementor-post-type=\"page\">\n\t\t\t\t<div class=\"elementor-element elementor-element-89702a2 e-flex e-con-boxed e-con e-parent\" data-id=\"89702a2\" data-element_type=\"container\" data-e-type=\"container\">\n\t\t\t\t\t<div class=\"e-con-inner\">\n\t\t\t\t<div class=\"elementor-element elementor-element-2c8a8e5 elementor-widget elementor-widget-text-editor\" data-id=\"2c8a8e5\" data-element_type=\"widget\" data-e-type=\"widget\" data-widget_type=\"text-editor.default\">\n\t\t\t\t<div class=\"elementor-widget-container\">\n\t\t\t\t\t\t\t\t\t<h2><b>\u00c9diteur (notices legales)<\/b><\/h2><p align=\"left\">Le site <a href=\"http:\/\/www.plouvier.be\/\"><u>www.plouvier.be<\/u><\/a> (ci-apr\u00e8s \u00ab\u202fle site\u202f\u00bb) est \u00e9dit\u00e9 par <b>Plouvier Chartering NV<\/b>.<\/p><p align=\"left\"><b>Plouvier Chartering NV<\/b>, soci\u00e9t\u00e9 anonyme au capital social de 1.239.467,62 \u20ac, dont le si\u00e8ge social est \u00e9tabli \u00e0 :<\/p><p align=\"left\">Plouvier Chartering NV<br \/>Noorderlaan 79, bo\u00eete 1<br \/>2030 Anvers<\/p><p align=\"left\">Inscrite au registre des personnes morales (RPR) d\u2019Anvers, division Anvers, sous le num\u00e9ro <b>0404.542.062<\/b>.<\/p><p align=\"left\"><b>Num\u00e9ro de TVA<\/b> : BE0404.542.062<br \/><b>E-mail<\/b> : &#x69;&#x6e;&#102;o&#x40;&#x70;&#108;ou&#x76;&#x69;&#101;r&#x2e;&#x62;&#101;<\/p><p align=\"left\"><b>Directeur de la publication<\/b> : le\/la Office Manager<br \/>Le contenu du site est r\u00e9dig\u00e9 et g\u00e9r\u00e9 par Plouvier Chartering NV.<br \/>Pour toute question concernant le fonctionnement ou l&rsquo;utilisation du site, veuillez nous contacter par e-mail.<\/p><h3><b>Cr\u00e9ation et h\u00e9bergement<\/b><\/h3><p align=\"left\">Le site est con\u00e7u et h\u00e9berg\u00e9 par :<\/p><p align=\"left\"><a title=\"Agence web Bretagne\" href=\"https:\/\/www.e-declic.com\/\" target=\"_blank\" rel=\"noopener\">e-declic<\/a><br \/>32 rue du Danemark \u2013 Porte Oc\u00e9ane 2<br \/>56400 Auray<br \/>T\u00e9l. : 02 97 29 00 60<\/p><p align=\"left\"><b>Effets Mer<br \/><\/b>12 rue Jobb\u00e9 Duval<br \/>75015 Paris<\/p><h3><b>Cr\u00e9dits photo<\/b><\/h3><p align=\"left\">\u00a9 Jean-Marie Liot \/ Plouvier Group<\/p><h3><b>Description des services propos\u00e9s<\/b><\/h3><p align=\"left\">Le site a pour objectif de fournir des informations sur Plouvier Chartering NV.<\/p><p align=\"left\">Plouvier Chartering NV s&rsquo;efforce de fournir des informations aussi pr\u00e9cises que possible. Toutefois, elle ne pourra \u00eatre tenue responsable des omissions, inexactitudes ou carences dans la mise \u00e0 jour des informations, qu&rsquo;elles soient de son fait ou de celui de partenaires tiers.<br \/>Toutes les informations indiqu\u00e9es sur le site sont fournies \u00e0 titre indicatif et sont susceptibles d\u2019\u00e9voluer.<\/p><h3><b>Droits d\u2019auteur et propri\u00e9t\u00e9 intellectuelle<\/b><\/h3><p align=\"left\">Plouvier Chartering NV est propri\u00e9taire des droits de propri\u00e9t\u00e9 intellectuelle ou d\u00e9tient les droits d\u2019usage sur tous les \u00e9l\u00e9ments accessibles sur le site, notamment les textes, images, graphismes, logos, ic\u00f4nes, sons et logiciels.<\/p><p align=\"left\">Toute reproduction, repr\u00e9sentation, modification, publication ou adaptation totale ou partielle des \u00e9l\u00e9ments du site, quel que soit le moyen ou le proc\u00e9d\u00e9 utilis\u00e9, est interdite, sauf autorisation \u00e9crite pr\u00e9alable du directeur de la publication.<\/p><h3><b>Liens hypertextes<\/b><\/h3><p align=\"left\">Le site contient des liens hypertextes vers d&rsquo;autres sites. Ces liens sont propos\u00e9s \u00e0 titre purement informatif.<br \/>Le directeur de la publication ne peut \u00eatre tenu responsable du contenu ou des conditions d\u2019acc\u00e8s de ces sites externes.<\/p><h3><b>Cookies<\/b><\/h3><p align=\"left\">Lors de la consultation du site, des cookies peuvent \u00eatre automatiquement install\u00e9s sur votre terminal (ordinateur, tablette, smartphone), sous r\u00e9serve de vos pr\u00e9f\u00e9rences.<\/p><p align=\"left\">Pour en savoir plus, veuillez consulter notre <b>politique de confidentialit\u00e9<\/b>.<\/p>\t\t\t\t\t\t\t\t<\/div>\n\t\t\t\t<\/div>\n\t\t\t\t\t<\/div>\n\t\t\t\t<\/div>\n\t\t\t\t<\/div>\n\t\t","protected":false},"excerpt":{"rendered":"<p>\u00c9diteur (notices legales) Le site www.plouvier.be (ci-apr\u00e8s \u00ab\u202fle site\u202f\u00bb) est \u00e9dit\u00e9 par Plouvier Chartering NV. Plouvier Chartering NV, soci\u00e9t\u00e9 anonyme au capital social de 1.239.467,62 \u20ac, dont le si\u00e8ge social est \u00e9tabli \u00e0 : Plouvier Chartering NVNoorderlaan 79, bo\u00eete 12030 Anvers Inscrite au registre des personnes morales (RPR) d\u2019Anvers, division Anvers, sous le num\u00e9ro 0404.542.062. [&hellip;]<\/p>\n","protected":false},"author":6,"featured_media":0,"parent":0,"menu_order":7,"comment_status":"closed","ping_status":"closed","template":"","meta":{"_acf_changed":false,"footnotes":""},"class_list":["post-3192","page","type-page","status-publish","hentry"],"acf":[],"yoast_head":"<!-- This site is optimized with the Yoast SEO plugin v27.4 - https:\/\/yoast.com\/product\/yoast-seo-wordpress\/ -->\n<title>Mentions L\u00e9gales - Plouvier<\/title>\n<meta name=\"robots\" content=\"index, follow, max-snippet:-1, max-image-preview:large, max-video-preview:-1\" \/>\n<link rel=\"canonical\" href=\"https:\/\/www.plouvier.be\/fr\/mentions-legales\/\" \/>\n<meta property=\"og:locale\" content=\"fr_FR\" \/>\n<meta property=\"og:type\" content=\"article\" \/>\n<meta property=\"og:title\" content=\"Mentions L\u00e9gales - Plouvier\" \/>\n<meta property=\"og:description\" content=\"\u00c9diteur (notices legales) Le site www.plouvier.be (ci-apr\u00e8s \u00ab\u202fle site\u202f\u00bb) est \u00e9dit\u00e9 par Plouvier Chartering NV. Plouvier Chartering NV, soci\u00e9t\u00e9 anonyme au capital social de 1.239.467,62 \u20ac, dont le si\u00e8ge social est \u00e9tabli \u00e0 : Plouvier Chartering NVNoorderlaan 79, bo\u00eete 12030 Anvers Inscrite au registre des personnes morales (RPR) d\u2019Anvers, division Anvers, sous le num\u00e9ro 0404.542.062. [&hellip;]\" \/>\n<meta property=\"og:url\" content=\"https:\/\/www.plouvier.be\/fr\/mentions-legales\/\" \/>\n<meta property=\"og:site_name\" content=\"Plouvier\" \/>\n<meta property=\"article:modified_time\" content=\"2025-04-11T13:50:48+00:00\" \/>\n<meta name=\"twitter:card\" content=\"summary_large_image\" \/>\n<meta name=\"twitter:label1\" content=\"Dur\u00e9e de lecture estim\u00e9e\" \/>\n\t<meta name=\"twitter:data1\" content=\"2 minutes\" \/>\n<script type=\"application\/ld+json\" class=\"yoast-schema-graph\">{\"@context\":\"https:\\\/\\\/schema.org\",\"@graph\":[{\"@type\":\"WebPage\",\"@id\":\"https:\\\/\\\/www.plouvier.be\\\/fr\\\/mentions-legales\\\/\",\"url\":\"https:\\\/\\\/www.plouvier.be\\\/fr\\\/mentions-legales\\\/\",\"name\":\"Mentions L\u00e9gales - Plouvier\",\"isPartOf\":{\"@id\":\"https:\\\/\\\/www.plouvier.be\\\/fr\\\/#website\"},\"datePublished\":\"2024-10-22T12:04:52+00:00\",\"dateModified\":\"2025-04-11T13:50:48+00:00\",\"breadcrumb\":{\"@id\":\"https:\\\/\\\/www.plouvier.be\\\/fr\\\/mentions-legales\\\/#breadcrumb\"},\"inLanguage\":\"fr-FR\",\"potentialAction\":[{\"@type\":\"ReadAction\",\"target\":[\"https:\\\/\\\/www.plouvier.be\\\/fr\\\/mentions-legales\\\/\"]}]},{\"@type\":\"BreadcrumbList\",\"@id\":\"https:\\\/\\\/www.plouvier.be\\\/fr\\\/mentions-legales\\\/#breadcrumb\",\"itemListElement\":[{\"@type\":\"ListItem\",\"position\":1,\"name\":\"Home\",\"item\":\"https:\\\/\\\/www.plouvier.be\\\/fr\\\/\"},{\"@type\":\"ListItem\",\"position\":2,\"name\":\"Mentions L\u00e9gales\"}]},{\"@type\":\"WebSite\",\"@id\":\"https:\\\/\\\/www.plouvier.be\\\/fr\\\/#website\",\"url\":\"https:\\\/\\\/www.plouvier.be\\\/fr\\\/\",\"name\":\"Plouvier\",\"description\":\"\",\"publisher\":{\"@id\":\"https:\\\/\\\/www.plouvier.be\\\/fr\\\/#organization\"},\"potentialAction\":[{\"@type\":\"SearchAction\",\"target\":{\"@type\":\"EntryPoint\",\"urlTemplate\":\"https:\\\/\\\/www.plouvier.be\\\/fr\\\/?s={search_term_string}\"},\"query-input\":{\"@type\":\"PropertyValueSpecification\",\"valueRequired\":true,\"valueName\":\"search_term_string\"}}],\"inLanguage\":\"fr-FR\"},{\"@type\":\"Organization\",\"@id\":\"https:\\\/\\\/www.plouvier.be\\\/fr\\\/#organization\",\"name\":\"Plouvier\",\"url\":\"https:\\\/\\\/www.plouvier.be\\\/fr\\\/\",\"logo\":{\"@type\":\"ImageObject\",\"inLanguage\":\"fr-FR\",\"@id\":\"https:\\\/\\\/www.plouvier.be\\\/fr\\\/#\\\/schema\\\/logo\\\/image\\\/\",\"url\":\"https:\\\/\\\/www.plouvier.be\\\/wp-content\\\/uploads\\\/2024\\\/09\\\/image-4.png\",\"contentUrl\":\"https:\\\/\\\/www.plouvier.be\\\/wp-content\\\/uploads\\\/2024\\\/09\\\/image-4.png\",\"width\":142,\"height\":42,\"caption\":\"Plouvier\"},\"image\":{\"@id\":\"https:\\\/\\\/www.plouvier.be\\\/fr\\\/#\\\/schema\\\/logo\\\/image\\\/\"}}]}<\/script>\n<!-- \/ Yoast SEO plugin. -->","yoast_head_json":{"title":"Mentions L\u00e9gales - Plouvier","robots":{"index":"index","follow":"follow","max-snippet":"max-snippet:-1","max-image-preview":"max-image-preview:large","max-video-preview":"max-video-preview:-1"},"canonical":"https:\/\/www.plouvier.be\/fr\/mentions-legales\/","og_locale":"fr_FR","og_type":"article","og_title":"Mentions L\u00e9gales - Plouvier","og_description":"\u00c9diteur (notices legales) Le site www.plouvier.be (ci-apr\u00e8s \u00ab\u202fle site\u202f\u00bb) est \u00e9dit\u00e9 par Plouvier Chartering NV. Plouvier Chartering NV, soci\u00e9t\u00e9 anonyme au capital social de 1.239.467,62 \u20ac, dont le si\u00e8ge social est \u00e9tabli \u00e0 : Plouvier Chartering NVNoorderlaan 79, bo\u00eete 12030 Anvers Inscrite au registre des personnes morales (RPR) d\u2019Anvers, division Anvers, sous le num\u00e9ro 0404.542.062. [&hellip;]","og_url":"https:\/\/www.plouvier.be\/fr\/mentions-legales\/","og_site_name":"Plouvier","article_modified_time":"2025-04-11T13:50:48+00:00","twitter_card":"summary_large_image","twitter_misc":{"Dur\u00e9e de lecture estim\u00e9e":"2 minutes"},"schema":{"@context":"https:\/\/schema.org","@graph":[{"@type":"WebPage","@id":"https:\/\/www.plouvier.be\/fr\/mentions-legales\/","url":"https:\/\/www.plouvier.be\/fr\/mentions-legales\/","name":"Mentions L\u00e9gales - Plouvier","isPartOf":{"@id":"https:\/\/www.plouvier.be\/fr\/#website"},"datePublished":"2024-10-22T12:04:52+00:00","dateModified":"2025-04-11T13:50:48+00:00","breadcrumb":{"@id":"https:\/\/www.plouvier.be\/fr\/mentions-legales\/#breadcrumb"},"inLanguage":"fr-FR","potentialAction":[{"@type":"ReadAction","target":["https:\/\/www.plouvier.be\/fr\/mentions-legales\/"]}]},{"@type":"BreadcrumbList","@id":"https:\/\/www.plouvier.be\/fr\/mentions-legales\/#breadcrumb","itemListElement":[{"@type":"ListItem","position":1,"name":"Home","item":"https:\/\/www.plouvier.be\/fr\/"},{"@type":"ListItem","position":2,"name":"Mentions L\u00e9gales"}]},{"@type":"WebSite","@id":"https:\/\/www.plouvier.be\/fr\/#website","url":"https:\/\/www.plouvier.be\/fr\/","name":"Plouvier","description":"","publisher":{"@id":"https:\/\/www.plouvier.be\/fr\/#organization"},"potentialAction":[{"@type":"SearchAction","target":{"@type":"EntryPoint","urlTemplate":"https:\/\/www.plouvier.be\/fr\/?s={search_term_string}"},"query-input":{"@type":"PropertyValueSpecification","valueRequired":true,"valueName":"search_term_string"}}],"inLanguage":"fr-FR"},{"@type":"Organization","@id":"https:\/\/www.plouvier.be\/fr\/#organization","name":"Plouvier","url":"https:\/\/www.plouvier.be\/fr\/","logo":{"@type":"ImageObject","inLanguage":"fr-FR","@id":"https:\/\/www.plouvier.be\/fr\/#\/schema\/logo\/image\/","url":"https:\/\/www.plouvier.be\/wp-content\/uploads\/2024\/09\/image-4.png","contentUrl":"https:\/\/www.plouvier.be\/wp-content\/uploads\/2024\/09\/image-4.png","width":142,"height":42,"caption":"Plouvier"},"image":{"@id":"https:\/\/www.plouvier.be\/fr\/#\/schema\/logo\/image\/"}}]}},"_links":{"self":[{"href":"https:\/\/www.plouvier.be\/fr\/wp-json\/wp\/v2\/pages\/3192","targetHints":{"allow":["GET"]}}],"collection":[{"href":"https:\/\/www.plouvier.be\/fr\/wp-json\/wp\/v2\/pages"}],"about":[{"href":"https:\/\/www.plouvier.be\/fr\/wp-json\/wp\/v2\/types\/page"}],"author":[{"embeddable":true,"href":"https:\/\/www.plouvier.be\/fr\/wp-json\/wp\/v2\/users\/6"}],"replies":[{"embeddable":true,"href":"https:\/\/www.plouvier.be\/fr\/wp-json\/wp\/v2\/comments?post=3192"}],"version-history":[{"count":10,"href":"https:\/\/www.plouvier.be\/fr\/wp-json\/wp\/v2\/pages\/3192\/revisions"}],"predecessor-version":[{"id":3493,"href":"https:\/\/www.plouvier.be\/fr\/wp-json\/wp\/v2\/pages\/3192\/revisions\/3493"}],"wp:attachment":[{"href":"https:\/\/www.plouvier.be\/fr\/wp-json\/wp\/v2\/media?parent=3192"}],"curies":[{"name":"wp","href":"https:\/\/api.w.org\/{rel}","templated":true}]}}